{"id":2500,"date":"2023-10-30T11:40:39","date_gmt":"2023-10-30T10:40:39","guid":{"rendered":"https:\/\/rbs-germany.de\/impressum\/"},"modified":"2025-07-16T09:54:59","modified_gmt":"2025-07-16T07:54:59","slug":"mentions-legales","status":"publish","type":"page","link":"https:\/\/rbs-germany.de\/fr\/mentions-legales\/","title":{"rendered":"Mentions l\u00e9gales"},"content":{"rendered":"<div  class='flex_column av-a7lvx-1d3af22f216e3d3f5318fd7b62aedc22 av_one_full  avia-builder-el-0  avia-builder-el-no-sibling  first flex_column_div  '     ><p>\n<style type=\"text\/css\" data-created_by=\"avia_inline_auto\" id=\"style-css-av-loe4by7g-2ed91a05a87813d10cc50395d7cc55e3\">\n#top .av-special-heading.av-loe4by7g-2ed91a05a87813d10cc50395d7cc55e3{\npadding-bottom:10px;\n}\nbody .av-special-heading.av-loe4by7g-2ed91a05a87813d10cc50395d7cc55e3 .av-special-heading-tag .heading-char{\nfont-size:25px;\n}\n.av-special-heading.av-loe4by7g-2ed91a05a87813d10cc50395d7cc55e3 .av-subheading{\nfont-size:15px;\n}\n<\/style>\n<div  class='av-special-heading av-loe4by7g-2ed91a05a87813d10cc50395d7cc55e3 av-special-heading-h1 blockquote modern-quote  avia-builder-el-1  el_before_av_hr  avia-builder-el-first '><h1 class='av-special-heading-tag '  itemprop=\"headline\"  >Mentions l\u00e9gales<\/h1><div class=\"special-heading-border\"><div class=\"special-heading-inner-border\"><\/div><\/div><\/div><br \/>\n\n<style type=\"text\/css\" data-created_by=\"avia_inline_auto\" id=\"style-css-av-loe4c84u-4ef63ccb03c8fe8c237e06b6f85f9664\">\n#top .hr.hr-invisible.av-loe4c84u-4ef63ccb03c8fe8c237e06b6f85f9664{\nheight:50px;\n}\n<\/style>\n<div  class='hr av-loe4c84u-4ef63ccb03c8fe8c237e06b6f85f9664 hr-invisible  avia-builder-el-2  el_after_av_heading  el_before_av_textblock '><span class='hr-inner '><span class=\"hr-inner-style\"><\/span><\/span><\/div><br \/>\n<section  class='av_textblock_section av-loctm5a5-e7e877f213e81139bb9835b31d1ffa19 '   itemscope=\"itemscope\" itemtype=\"https:\/\/schema.org\/CreativeWork\" ><div class='avia_textblock'  itemprop=\"text\" ><p>RB Solutions GmbH &amp; Co. KG<br \/>\nM\u00fchlgasse 18-20<br \/>\n63683 Ortenberg<\/p>\n<p>Registre du commerce : HRA 2025<br \/>\nTribunal d&rsquo;enregistrement : Tribunal d&rsquo;instance de Friedberg<\/p>\n<p>Repr\u00e9sent\u00e9 par :<br \/>\nRB SOLUTIONS Verwaltungs-GmbH<br \/>\nM\u00fchlgasse 18-20<br \/>\nD-63683 Ortenberg<\/p>\n<p>Celle-ci est repr\u00e9sent\u00e9e par :<br \/>\nJ\u00f6rn Reichel<\/p>\n<p>Registre du commerce : HRB 7639<br \/>\nTribunal d&rsquo;enregistrement : Tribunal d&rsquo;instance de Friedberg<\/p>\n<h2>Contact<\/h2>\n<p>T\u00e9l\u00e9phone : +496046-9605-0<br \/>\nT\u00e9l\u00e9copie : +496046-9605-314<br \/>\nE-mail : info@rbs-germany.de<\/p>\n<h2>TVA intracommunautaire<\/h2>\n<p>Num\u00e9ro d&rsquo;identification de la taxe sur le chiffre d&rsquo;affaires conform\u00e9ment au \u00a7 27 a de la loi sur la taxe sur le chiffre d&rsquo;affaires :<br \/>\nNum\u00e9ro d&rsquo;identification de la taxe sur le chiffre d&rsquo;affaires DE 113 465 483<\/p>\n<h2>Responsable de la r\u00e9daction<\/h2>\n<p>J\u00f6rn Reichel<br \/>\nM\u00fchlgasse 18-20<br \/>\nD-63683 Ortenberg<\/p>\n<h2>R\u00e8glement des litiges de consommation\/organisme universel de conciliation<\/h2>\n<p>Nous ne sommes pas pr\u00eats ou oblig\u00e9s de participer \u00e0 des proc\u00e9dures de r\u00e8glement des litiges devant un organisme de conciliation des consommateurs.<\/p>\n<\/div><\/section><\/p><\/div>\n","protected":false},"excerpt":{"rendered":"","protected":false},"author":6,"featured_media":0,"parent":0,"menu_order":0,"comment_status":"closed","ping_status":"closed","template":"","meta":{"footnotes":""},"class_list":["post-2500","page","type-page","status-publish","hentry"],"yoast_head":"<!-- This site is optimized with the Yoast SEO plugin v27.4 - https:\/\/yoast.com\/product\/yoast-seo-wordpress\/ -->\n<title>Impressum | RB Solutions<\/title>\n<meta name=\"robots\" content=\"index, follow, max-snippet:-1, max-image-preview:large, max-video-preview:-1\" \/>\n<link rel=\"canonical\" href=\"https:\/\/rbs-germany.de\/fr\/mentions-legales\/\" \/>\n<meta property=\"og:locale\" content=\"fr_FR\" \/>\n<meta property=\"og:type\" content=\"article\" \/>\n<meta property=\"og:title\" content=\"Impressum | RB Solutions\" \/>\n<meta property=\"og:url\" content=\"https:\/\/rbs-germany.de\/fr\/mentions-legales\/\" \/>\n<meta property=\"og:site_name\" content=\"RB Solutions GmbH &amp; Co. KG , Ortenberg\" \/>\n<meta property=\"article:publisher\" content=\"https:\/\/www.facebook.com\/RBS.Germany\/?locale=de_DE\" \/>\n<meta property=\"article:modified_time\" content=\"2025-07-16T07:54:59+00:00\" \/>\n<meta name=\"twitter:card\" content=\"summary_large_image\" \/>\n<meta name=\"twitter:label1\" content=\"Dur\u00e9e de lecture estim\u00e9e\" \/>\n\t<meta name=\"twitter:data1\" content=\"1 minute\" \/>\n<script type=\"application\/ld+json\" class=\"yoast-schema-graph\">{\"@context\":\"https:\\\/\\\/schema.org\",\"@graph\":[{\"@type\":\"WebPage\",\"@id\":\"https:\\\/\\\/rbs-germany.de\\\/fr\\\/mentions-legales\\\/\",\"url\":\"https:\\\/\\\/rbs-germany.de\\\/fr\\\/mentions-legales\\\/\",\"name\":\"Impressum | RB Solutions\",\"isPartOf\":{\"@id\":\"https:\\\/\\\/rbs-germany.de\\\/fr\\\/#website\"},\"datePublished\":\"2023-10-30T10:40:39+00:00\",\"dateModified\":\"2025-07-16T07:54:59+00:00\",\"breadcrumb\":{\"@id\":\"https:\\\/\\\/rbs-germany.de\\\/fr\\\/mentions-legales\\\/#breadcrumb\"},\"inLanguage\":\"fr-FR\",\"potentialAction\":[{\"@type\":\"ReadAction\",\"target\":[\"https:\\\/\\\/rbs-germany.de\\\/fr\\\/mentions-legales\\\/\"]}]},{\"@type\":\"BreadcrumbList\",\"@id\":\"https:\\\/\\\/rbs-germany.de\\\/fr\\\/mentions-legales\\\/#breadcrumb\",\"itemListElement\":[{\"@type\":\"ListItem\",\"position\":1,\"name\":\"Startseite\",\"item\":\"https:\\\/\\\/rbs-germany.de\\\/fr\\\/\"},{\"@type\":\"ListItem\",\"position\":2,\"name\":\"Mentions l\u00e9gales\"}]},{\"@type\":\"WebSite\",\"@id\":\"https:\\\/\\\/rbs-germany.de\\\/fr\\\/#website\",\"url\":\"https:\\\/\\\/rbs-germany.de\\\/fr\\\/\",\"name\":\"RB Solutions\",\"description\":\"\",\"publisher\":{\"@id\":\"https:\\\/\\\/rbs-germany.de\\\/fr\\\/#organization\"},\"potentialAction\":[{\"@type\":\"SearchAction\",\"target\":{\"@type\":\"EntryPoint\",\"urlTemplate\":\"https:\\\/\\\/rbs-germany.de\\\/fr\\\/?s={search_term_string}\"},\"query-input\":{\"@type\":\"PropertyValueSpecification\",\"valueRequired\":true,\"valueName\":\"search_term_string\"}}],\"inLanguage\":\"fr-FR\"},{\"@type\":\"Organization\",\"@id\":\"https:\\\/\\\/rbs-germany.de\\\/fr\\\/#organization\",\"name\":\"RB Solutions GmbH & Co. KG\",\"url\":\"https:\\\/\\\/rbs-germany.de\\\/fr\\\/\",\"logo\":{\"@type\":\"ImageObject\",\"inLanguage\":\"fr-FR\",\"@id\":\"https:\\\/\\\/rbs-germany.de\\\/fr\\\/#\\\/schema\\\/logo\\\/image\\\/\",\"url\":\"https:\\\/\\\/rbs-germany.de\\\/wp-content\\\/uploads\\\/2023\\\/11\\\/RBS-Logo-neu-Fallback.jpg\",\"contentUrl\":\"https:\\\/\\\/rbs-germany.de\\\/wp-content\\\/uploads\\\/2023\\\/11\\\/RBS-Logo-neu-Fallback.jpg\",\"width\":800,\"height\":800,\"caption\":\"RB Solutions GmbH & Co. KG\"},\"image\":{\"@id\":\"https:\\\/\\\/rbs-germany.de\\\/fr\\\/#\\\/schema\\\/logo\\\/image\\\/\"},\"sameAs\":[\"https:\\\/\\\/www.facebook.com\\\/RBS.Germany\\\/?locale=de_DE\",\"https:\\\/\\\/www.instagram.com\\\/rbsolutionsgmbh\\\/\"]}]}<\/script>\n<!-- \/ Yoast SEO plugin. -->","yoast_head_json":{"title":"Impressum | RB Solutions","robots":{"index":"index","follow":"follow","max-snippet":"max-snippet:-1","max-image-preview":"max-image-preview:large","max-video-preview":"max-video-preview:-1"},"canonical":"https:\/\/rbs-germany.de\/fr\/mentions-legales\/","og_locale":"fr_FR","og_type":"article","og_title":"Impressum | RB Solutions","og_url":"https:\/\/rbs-germany.de\/fr\/mentions-legales\/","og_site_name":"RB Solutions GmbH &amp; Co. KG , Ortenberg","article_publisher":"https:\/\/www.facebook.com\/RBS.Germany\/?locale=de_DE","article_modified_time":"2025-07-16T07:54:59+00:00","twitter_card":"summary_large_image","twitter_misc":{"Dur\u00e9e de lecture estim\u00e9e":"1 minute"},"schema":{"@context":"https:\/\/schema.org","@graph":[{"@type":"WebPage","@id":"https:\/\/rbs-germany.de\/fr\/mentions-legales\/","url":"https:\/\/rbs-germany.de\/fr\/mentions-legales\/","name":"Impressum | RB Solutions","isPartOf":{"@id":"https:\/\/rbs-germany.de\/fr\/#website"},"datePublished":"2023-10-30T10:40:39+00:00","dateModified":"2025-07-16T07:54:59+00:00","breadcrumb":{"@id":"https:\/\/rbs-germany.de\/fr\/mentions-legales\/#breadcrumb"},"inLanguage":"fr-FR","potentialAction":[{"@type":"ReadAction","target":["https:\/\/rbs-germany.de\/fr\/mentions-legales\/"]}]},{"@type":"BreadcrumbList","@id":"https:\/\/rbs-germany.de\/fr\/mentions-legales\/#breadcrumb","itemListElement":[{"@type":"ListItem","position":1,"name":"Startseite","item":"https:\/\/rbs-germany.de\/fr\/"},{"@type":"ListItem","position":2,"name":"Mentions l\u00e9gales"}]},{"@type":"WebSite","@id":"https:\/\/rbs-germany.de\/fr\/#website","url":"https:\/\/rbs-germany.de\/fr\/","name":"RB Solutions","description":"","publisher":{"@id":"https:\/\/rbs-germany.de\/fr\/#organization"},"potentialAction":[{"@type":"SearchAction","target":{"@type":"EntryPoint","urlTemplate":"https:\/\/rbs-germany.de\/fr\/?s={search_term_string}"},"query-input":{"@type":"PropertyValueSpecification","valueRequired":true,"valueName":"search_term_string"}}],"inLanguage":"fr-FR"},{"@type":"Organization","@id":"https:\/\/rbs-germany.de\/fr\/#organization","name":"RB Solutions GmbH & Co. KG","url":"https:\/\/rbs-germany.de\/fr\/","logo":{"@type":"ImageObject","inLanguage":"fr-FR","@id":"https:\/\/rbs-germany.de\/fr\/#\/schema\/logo\/image\/","url":"https:\/\/rbs-germany.de\/wp-content\/uploads\/2023\/11\/RBS-Logo-neu-Fallback.jpg","contentUrl":"https:\/\/rbs-germany.de\/wp-content\/uploads\/2023\/11\/RBS-Logo-neu-Fallback.jpg","width":800,"height":800,"caption":"RB Solutions GmbH & Co. KG"},"image":{"@id":"https:\/\/rbs-germany.de\/fr\/#\/schema\/logo\/image\/"},"sameAs":["https:\/\/www.facebook.com\/RBS.Germany\/?locale=de_DE","https:\/\/www.instagram.com\/rbsolutionsgmbh\/"]}]}},"_links":{"self":[{"href":"https:\/\/rbs-germany.de\/fr\/wp-json\/wp\/v2\/pages\/2500","targetHints":{"allow":["GET"]}}],"collection":[{"href":"https:\/\/rbs-germany.de\/fr\/wp-json\/wp\/v2\/pages"}],"about":[{"href":"https:\/\/rbs-germany.de\/fr\/wp-json\/wp\/v2\/types\/page"}],"author":[{"embeddable":true,"href":"https:\/\/rbs-germany.de\/fr\/wp-json\/wp\/v2\/users\/6"}],"replies":[{"embeddable":true,"href":"https:\/\/rbs-germany.de\/fr\/wp-json\/wp\/v2\/comments?post=2500"}],"version-history":[{"count":2,"href":"https:\/\/rbs-germany.de\/fr\/wp-json\/wp\/v2\/pages\/2500\/revisions"}],"predecessor-version":[{"id":2506,"href":"https:\/\/rbs-germany.de\/fr\/wp-json\/wp\/v2\/pages\/2500\/revisions\/2506"}],"wp:attachment":[{"href":"https:\/\/rbs-germany.de\/fr\/wp-json\/wp\/v2\/media?parent=2500"}],"curies":[{"name":"wp","href":"https:\/\/api.w.org\/{rel}","templated":true}]}}