{"id":2422,"date":"2023-07-26T09:11:17","date_gmt":"2023-07-26T07:11:17","guid":{"rendered":"https:\/\/rbs-germany.de\/footer\/"},"modified":"2025-07-16T10:22:25","modified_gmt":"2025-07-16T08:22:25","slug":"footer","status":"publish","type":"page","link":"https:\/\/rbs-germany.de\/fr\/footer\/","title":{"rendered":"Footer"},"content":{"rendered":"\n<style type=\"text\/css\" data-created_by=\"avia_inline_auto\" id=\"style-css-av-2ovts-5b74689c1823a7e5eaf1e731c4e553f9\">\n.avia-section.av-2ovts-5b74689c1823a7e5eaf1e731c4e553f9{\nbackground-color:#023b59;\nbackground-image:unset;\n}\n<\/style>\n<div id='av_section_1'  class='avia-section av-2ovts-5b74689c1823a7e5eaf1e731c4e553f9 main_color avia-section-default avia-no-border-styling  avia-builder-el-0  avia-builder-el-no-sibling  stilelement-before-left footer avia-bg-style-scroll container_wrap sidebar_right'  ><div class='container av-section-cont-open' ><main  role=\"main\" itemprop=\"mainContentOfPage\"  class='template-page content  av-content-small alpha units'><div class='post-entry post-entry-type-page post-entry-2422'><div class='entry-content-wrapper clearfix'>\n\n<style type=\"text\/css\" data-created_by=\"avia_inline_auto\" id=\"style-css-av-19zt0-70ac4c6e2a62424cfee79ffc21c2432e\">\n.flex_column.av-19zt0-70ac4c6e2a62424cfee79ffc21c2432e{\nbackground-color:#dadada;\n}\n<\/style>\n<div  id=\"blaue-ecke-rechts\"  class='flex_column av-19zt0-70ac4c6e2a62424cfee79ffc21c2432e av_one_third  avia-builder-el-1  el_before_av_two_fifth  avia-builder-el-first  footer-background first av-break-at-tablet flex_column_div  '     ><p>\n<style type=\"text\/css\" data-created_by=\"avia_inline_auto\" id=\"style-css-av-lkjqrcsq-fbaad6b0de264cb76bb576da70e1d755\">\n#top .av-special-heading.av-lkjqrcsq-fbaad6b0de264cb76bb576da70e1d755{\npadding-bottom:10px;\ncolor:#023b59;\n}\nbody .av-special-heading.av-lkjqrcsq-fbaad6b0de264cb76bb576da70e1d755 .av-special-heading-tag .heading-char{\nfont-size:25px;\n}\n.av-special-heading.av-lkjqrcsq-fbaad6b0de264cb76bb576da70e1d755 .special-heading-inner-border{\nborder-color:#023b59;\n}\n.av-special-heading.av-lkjqrcsq-fbaad6b0de264cb76bb576da70e1d755 .av-subheading{\nfont-size:15px;\n}\n<\/style>\n<div  class='av-special-heading av-lkjqrcsq-fbaad6b0de264cb76bb576da70e1d755 av-special-heading-h3 custom-color-heading blockquote modern-quote  avia-builder-el-2  el_before_av_textblock  avia-builder-el-first '><h3 class='av-special-heading-tag '  itemprop=\"headline\"  >Contact<\/h3><div class=\"special-heading-border\"><div class=\"special-heading-inner-border\"><\/div><\/div><\/div><br \/>\n\n<style type=\"text\/css\" data-created_by=\"avia_inline_auto\" id=\"style-css-av-lkjqw6xb-b6606adb47d34beb3373e95f83dc8e40\">\n#top .av_textblock_section.av-lkjqw6xb-b6606adb47d34beb3373e95f83dc8e40 .avia_textblock{\ncolor:#023b59;\n}\n<\/style>\n<section  class='av_textblock_section av-lkjqw6xb-b6606adb47d34beb3373e95f83dc8e40 '   itemscope=\"itemscope\" itemtype=\"https:\/\/schema.org\/CreativeWork\" ><div class='avia_textblock av_inherit_color'  itemprop=\"text\" ><p><strong>RB Solutions GmbH &#038; Co. KG<\/strong><br \/>\nM\u00fchlgasse 18-20<br \/>\n63683 Ortenberg, Allemagne<\/p>\n<p>T: <a href=\"tel:+49604696050\">+49 6046 9605 0<\/a><br \/>\nF: +49 6046 9605 311<\/p>\n<p>E: <a href=\"mailto:info@rbs-germany.de\">info@rbs-germany.de<\/a><\/p>\n<\/div><\/section><br \/>\n<div  class='av-social-sharing-box av-lkkv8xvm-54fa9681871be7b1161426a477a34d14 av-social-sharing-box-circle  avia-builder-el-4  el_after_av_textblock  avia-builder-el-last  social-icons av-social-sharing-box-color-bg av-social-sharing-box-same-width'><div class=\"av-share-box\"><ul class=\"av-share-box-list noLightbox\"><li class='av-share-link av-social-link-facebook avia_social_iconfont' ><a target=\"_blank\" aria-label=\"Lien vers Facebook\" href='https:\/\/www.facebook.com\/RBS.Germany\/?locale=de_DE' data-av_icon='\ue8f3' data-av_iconfont='entypo-fontello'  title='' data-avia-related-tooltip='Lien vers Facebook'><span class='avia_hidden_link_text'>Lien vers Facebook<\/span><\/a><\/li><li class='av-share-link av-social-link-instagram avia_social_iconfont' ><a target=\"_blank\" aria-label=\"Lien vers Instagram\" href='https:\/\/www.instagram.com\/rbsolutionsgmbh\/' data-av_icon='\uf16d' data-av_iconfont='entypo-fontello'  title='' data-avia-related-tooltip='Lien vers Instagram'><span class='avia_hidden_link_text'>Lien vers Instagram<\/span><\/a><\/li><\/ul><\/div><\/div><\/p><\/div><div  class='flex_column av-qjyk-357f6309cc2d1de89d37082bfb5ca79d av_two_fifth  avia-builder-el-5  el_after_av_one_third  el_before_av_one_fourth  av-break-at-tablet flex_column_div  '     ><p>\n<style type=\"text\/css\" data-created_by=\"avia_inline_auto\" id=\"style-css-av-lkkw3doy-d6c4400d508d41d55f89816e448db79e\">\n#top .av-special-heading.av-lkkw3doy-d6c4400d508d41d55f89816e448db79e{\npadding-bottom:10px;\ncolor:#ffffff;\n}\nbody .av-special-heading.av-lkkw3doy-d6c4400d508d41d55f89816e448db79e .av-special-heading-tag .heading-char{\nfont-size:25px;\n}\n.av-special-heading.av-lkkw3doy-d6c4400d508d41d55f89816e448db79e .special-heading-inner-border{\nborder-color:#ffffff;\n}\n.av-special-heading.av-lkkw3doy-d6c4400d508d41d55f89816e448db79e .av-subheading{\nfont-size:15px;\n}\n<\/style>\n<div  class='av-special-heading av-lkkw3doy-d6c4400d508d41d55f89816e448db79e av-special-heading-h3 custom-color-heading blockquote modern-quote  avia-builder-el-6  el_before_av_textblock  avia-builder-el-first '><h3 class='av-special-heading-tag '  itemprop=\"headline\"  >Plan d\u2019acc\u00e8s<\/h3><div class=\"special-heading-border\"><div class=\"special-heading-inner-border\"><\/div><\/div><\/div><br \/>\n\n<style type=\"text\/css\" data-created_by=\"avia_inline_auto\" id=\"style-css-av-lkkw7f7b-3f2c49f0dcc8d7dfdab1718f8bd57101\">\n#top .av_textblock_section.av-lkkw7f7b-3f2c49f0dcc8d7dfdab1718f8bd57101 .avia_textblock{\ncolor:#ffffff;\n}\n<\/style>\n<section  class='av_textblock_section av-lkkw7f7b-3f2c49f0dcc8d7dfdab1718f8bd57101 '   itemscope=\"itemscope\" itemtype=\"https:\/\/schema.org\/CreativeWork\" ><div class='avia_textblock av_inherit_color'  itemprop=\"text\" ><p><strong>A45 :<\/strong><br \/>\nSortie Florstadt sur la B 275 en direction de Lauterbach. Vous allez jusqu&rsquo;\u00e0 l&rsquo;entr\u00e9e d&rsquo;Ortenberg-Li\u00dfberg, puis vous prenez la 1\u00e8re rue \u00e0 droite et suivez les panneaux (juste apr\u00e8s le pont). Continuer jusqu&rsquo;au bureau de l&rsquo;entreprise M\u00fchlgasse 18-20.<\/p>\n<p><strong>A noter pour les chauffeurs de poids lourds :<\/strong><br \/>\nSi vous venez de Gedern (B 275), ne passez pas par la Schlossgasse pour rejoindre la M\u00fchlgasse, mais suivez les panneaux.<\/p>\n<\/div><\/section><\/p><\/div><div  id=\"rb__footer-rechtliches\"  class='flex_column av-r0mk-c7fe2349062b16dc9b2eea6280b7aee7 av_one_fourth  avia-builder-el-8  el_after_av_two_fifth  avia-builder-el-last  rb__footer-rechtliches av-break-at-tablet flex_column_div  '     ><p>\n<style type=\"text\/css\" data-created_by=\"avia_inline_auto\" id=\"style-css-av-lkkw7z4g-c697ab50716145b3bc2117d18b22ff81\">\n#top .av-special-heading.av-lkkw7z4g-c697ab50716145b3bc2117d18b22ff81{\npadding-bottom:10px;\ncolor:#ffffff;\n}\nbody .av-special-heading.av-lkkw7z4g-c697ab50716145b3bc2117d18b22ff81 .av-special-heading-tag .heading-char{\nfont-size:25px;\n}\n.av-special-heading.av-lkkw7z4g-c697ab50716145b3bc2117d18b22ff81 .special-heading-inner-border{\nborder-color:#ffffff;\n}\n.av-special-heading.av-lkkw7z4g-c697ab50716145b3bc2117d18b22ff81 .av-subheading{\nfont-size:15px;\n}\n<\/style>\n<div  class='av-special-heading av-lkkw7z4g-c697ab50716145b3bc2117d18b22ff81 av-special-heading-h3 custom-color-heading blockquote modern-quote  avia-builder-el-9  el_before_av_textblock  avia-builder-el-first '><h3 class='av-special-heading-tag '  itemprop=\"headline\"  >Mentions l\u00e9gales<\/h3><div class=\"special-heading-border\"><div class=\"special-heading-inner-border\"><\/div><\/div><\/div><br \/>\n\n<style type=\"text\/css\" data-created_by=\"avia_inline_auto\" id=\"style-css-av-lkkw9evg-6cdbd4d672a692545ed3080fe475c503\">\n#top .av_textblock_section.av-lkkw9evg-6cdbd4d672a692545ed3080fe475c503 .avia_textblock{\ncolor:#ffffff;\n}\n<\/style>\n<section  class='av_textblock_section av-lkkw9evg-6cdbd4d672a692545ed3080fe475c503 '   itemscope=\"itemscope\" itemtype=\"https:\/\/schema.org\/CreativeWork\" ><div class='avia_textblock av_inherit_color'  itemprop=\"text\" ><p><a href=\"https:\/\/rbs-germany.de\/fr\/conditions-generales-de-vente-de-livraison-et-de-paiement\/\">CGV<\/a> | <a href=\"https:\/\/rbs-germany.de\/fr\/conditions-dachat-de-la-societe\/\">Conditions g\u00e9n\u00e9rales d&rsquo;achat<\/a><\/p>\n<p><a href=\"https:\/\/rbs-germany.de\/fr\/mentions-legales\/\">Mentions l\u00e9gales<\/a><\/p>\n<p><a href=\"https:\/\/rbs-germany.de\/fr\/declaration-de-confidentialite\/\" target=\"_blank\" rel=\"noopener\">Protection des donn\u00e9es<\/a><\/p>\n<p><a href=\"https:\/\/rbs-germany.de\/fr\/telechargements\/\">T\u00e9l\u00e9chargements<\/a><\/p>\n<\/div><\/section><br \/>\n\n<style type=\"text\/css\" data-created_by=\"avia_inline_auto\" id=\"style-css-av-ll283syu-e8560bc0406ceecef0754b0a33ccda1c\">\n#top .hr.hr-invisible.av-ll283syu-e8560bc0406ceecef0754b0a33ccda1c{\nheight:50px;\n}\n<\/style>\n<div  class='hr av-ll283syu-e8560bc0406ceecef0754b0a33ccda1c hr-invisible  avia-builder-el-11  el_after_av_textblock  el_before_av_image '><span class='hr-inner '><span class=\"hr-inner-style\"><\/span><\/span><\/div><br \/>\n\n<style type=\"text\/css\" data-created_by=\"avia_inline_auto\" id=\"style-css-av-ll27tisz-2a8dbfe29770373216dfc2a1f41dbc17\">\n.avia-image-container.av-ll27tisz-2a8dbfe29770373216dfc2a1f41dbc17 img.avia_image{\nbox-shadow:none;\n}\n.avia-image-container.av-ll27tisz-2a8dbfe29770373216dfc2a1f41dbc17 .av-image-caption-overlay-center{\ncolor:#ffffff;\n}\n<\/style>\n<div  class='avia-image-container av-ll27tisz-2a8dbfe29770373216dfc2a1f41dbc17 av-styling- avia-align-left  avia-builder-el-12  el_after_av_hr  avia-builder-el-last  footer-logoelement'   itemprop=\"image\" itemscope=\"itemscope\" itemtype=\"https:\/\/schema.org\/ImageObject\" ><div class=\"avia-image-container-inner\"><div class=\"avia-image-overlay-wrap\"><img decoding=\"async\" fetchpriority=\"high\" class='wp-image-2158 avia-img-lazy-loading-not-2158 avia_image ' src=\"https:\/\/rbs-germany.de\/wp-content\/uploads\/2023\/11\/Logo_RB-Solutions_4cneg_klein-1.png\" alt='' title='Logo_RB-Solutions_4cneg_klein-1'  height=\"824\" width=\"1201\"  itemprop=\"thumbnailUrl\" srcset=\"https:\/\/rbs-germany.de\/wp-content\/uploads\/2023\/11\/Logo_RB-Solutions_4cneg_klein-1.png 1201w, https:\/\/rbs-germany.de\/wp-content\/uploads\/2023\/11\/Logo_RB-Solutions_4cneg_klein-1-300x206.png 300w, https:\/\/rbs-germany.de\/wp-content\/uploads\/2023\/11\/Logo_RB-Solutions_4cneg_klein-1-1030x707.png 1030w, https:\/\/rbs-germany.de\/wp-content\/uploads\/2023\/11\/Logo_RB-Solutions_4cneg_klein-1-768x527.png 768w, https:\/\/rbs-germany.de\/wp-content\/uploads\/2023\/11\/Logo_RB-Solutions_4cneg_klein-1-705x484.png 705w\" sizes=\"(max-width: 1201px) 100vw, 1201px\" \/><\/div><\/div><\/div><\/p><\/div><\/div><\/div><\/main><!-- close content main element --><\/div><\/div><div id='after_section_1'  class='main_color av_default_container_wrap container_wrap sidebar_right'  ><div class='container av-section-cont-open' ><div class='template-page content  av-content-small alpha units'><div class='post-entry post-entry-type-page post-entry-2422'><div class='entry-content-wrapper clearfix'>\n","protected":false},"excerpt":{"rendered":"","protected":false},"author":6,"featured_media":0,"parent":0,"menu_order":0,"comment_status":"closed","ping_status":"closed","template":"","meta":{"footnotes":""},"class_list":["post-2422","page","type-page","status-publish","hentry"],"yoast_head":"<!-- This site is optimized with the Yoast SEO plugin v27.4 - https:\/\/yoast.com\/product\/yoast-seo-wordpress\/ -->\n<title>Footer | RB Solutions<\/title>\n<meta name=\"robots\" content=\"index, follow, max-snippet:-1, max-image-preview:large, max-video-preview:-1\" \/>\n<link rel=\"canonical\" href=\"https:\/\/rbs-germany.de\/fr\/footer\/\" \/>\n<meta property=\"og:locale\" content=\"fr_FR\" \/>\n<meta property=\"og:type\" content=\"article\" \/>\n<meta property=\"og:title\" content=\"Footer | RB Solutions\" \/>\n<meta property=\"og:url\" content=\"https:\/\/rbs-germany.de\/fr\/footer\/\" \/>\n<meta property=\"og:site_name\" content=\"RB Solutions GmbH &amp; Co. KG , Ortenberg\" \/>\n<meta property=\"article:publisher\" content=\"https:\/\/www.facebook.com\/RBS.Germany\/?locale=de_DE\" \/>\n<meta property=\"article:modified_time\" content=\"2025-07-16T08:22:25+00:00\" \/>\n<meta name=\"twitter:card\" content=\"summary_large_image\" \/>\n<meta name=\"twitter:label1\" content=\"Dur\u00e9e de lecture estim\u00e9e\" \/>\n\t<meta name=\"twitter:data1\" content=\"1 minute\" \/>\n<script type=\"application\/ld+json\" class=\"yoast-schema-graph\">{\"@context\":\"https:\\\/\\\/schema.org\",\"@graph\":[{\"@type\":\"WebPage\",\"@id\":\"https:\\\/\\\/rbs-germany.de\\\/fr\\\/footer\\\/\",\"url\":\"https:\\\/\\\/rbs-germany.de\\\/fr\\\/footer\\\/\",\"name\":\"Footer | RB Solutions\",\"isPartOf\":{\"@id\":\"https:\\\/\\\/rbs-germany.de\\\/fr\\\/#website\"},\"datePublished\":\"2023-07-26T07:11:17+00:00\",\"dateModified\":\"2025-07-16T08:22:25+00:00\",\"breadcrumb\":{\"@id\":\"https:\\\/\\\/rbs-germany.de\\\/fr\\\/footer\\\/#breadcrumb\"},\"inLanguage\":\"fr-FR\",\"potentialAction\":[{\"@type\":\"ReadAction\",\"target\":[\"https:\\\/\\\/rbs-germany.de\\\/fr\\\/footer\\\/\"]}]},{\"@type\":\"BreadcrumbList\",\"@id\":\"https:\\\/\\\/rbs-germany.de\\\/fr\\\/footer\\\/#breadcrumb\",\"itemListElement\":[{\"@type\":\"ListItem\",\"position\":1,\"name\":\"Startseite\",\"item\":\"https:\\\/\\\/rbs-germany.de\\\/fr\\\/\"},{\"@type\":\"ListItem\",\"position\":2,\"name\":\"Footer\"}]},{\"@type\":\"WebSite\",\"@id\":\"https:\\\/\\\/rbs-germany.de\\\/fr\\\/#website\",\"url\":\"https:\\\/\\\/rbs-germany.de\\\/fr\\\/\",\"name\":\"RB Solutions\",\"description\":\"\",\"publisher\":{\"@id\":\"https:\\\/\\\/rbs-germany.de\\\/fr\\\/#organization\"},\"potentialAction\":[{\"@type\":\"SearchAction\",\"target\":{\"@type\":\"EntryPoint\",\"urlTemplate\":\"https:\\\/\\\/rbs-germany.de\\\/fr\\\/?s={search_term_string}\"},\"query-input\":{\"@type\":\"PropertyValueSpecification\",\"valueRequired\":true,\"valueName\":\"search_term_string\"}}],\"inLanguage\":\"fr-FR\"},{\"@type\":\"Organization\",\"@id\":\"https:\\\/\\\/rbs-germany.de\\\/fr\\\/#organization\",\"name\":\"RB Solutions GmbH & Co. KG\",\"url\":\"https:\\\/\\\/rbs-germany.de\\\/fr\\\/\",\"logo\":{\"@type\":\"ImageObject\",\"inLanguage\":\"fr-FR\",\"@id\":\"https:\\\/\\\/rbs-germany.de\\\/fr\\\/#\\\/schema\\\/logo\\\/image\\\/\",\"url\":\"https:\\\/\\\/rbs-germany.de\\\/wp-content\\\/uploads\\\/2023\\\/11\\\/RBS-Logo-neu-Fallback.jpg\",\"contentUrl\":\"https:\\\/\\\/rbs-germany.de\\\/wp-content\\\/uploads\\\/2023\\\/11\\\/RBS-Logo-neu-Fallback.jpg\",\"width\":800,\"height\":800,\"caption\":\"RB Solutions GmbH & Co. KG\"},\"image\":{\"@id\":\"https:\\\/\\\/rbs-germany.de\\\/fr\\\/#\\\/schema\\\/logo\\\/image\\\/\"},\"sameAs\":[\"https:\\\/\\\/www.facebook.com\\\/RBS.Germany\\\/?locale=de_DE\",\"https:\\\/\\\/www.instagram.com\\\/rbsolutionsgmbh\\\/\"]}]}<\/script>\n<!-- \/ Yoast SEO plugin. -->","yoast_head_json":{"title":"Footer | RB Solutions","robots":{"index":"index","follow":"follow","max-snippet":"max-snippet:-1","max-image-preview":"max-image-preview:large","max-video-preview":"max-video-preview:-1"},"canonical":"https:\/\/rbs-germany.de\/fr\/footer\/","og_locale":"fr_FR","og_type":"article","og_title":"Footer | RB Solutions","og_url":"https:\/\/rbs-germany.de\/fr\/footer\/","og_site_name":"RB Solutions GmbH &amp; Co. KG , Ortenberg","article_publisher":"https:\/\/www.facebook.com\/RBS.Germany\/?locale=de_DE","article_modified_time":"2025-07-16T08:22:25+00:00","twitter_card":"summary_large_image","twitter_misc":{"Dur\u00e9e de lecture estim\u00e9e":"1 minute"},"schema":{"@context":"https:\/\/schema.org","@graph":[{"@type":"WebPage","@id":"https:\/\/rbs-germany.de\/fr\/footer\/","url":"https:\/\/rbs-germany.de\/fr\/footer\/","name":"Footer | RB Solutions","isPartOf":{"@id":"https:\/\/rbs-germany.de\/fr\/#website"},"datePublished":"2023-07-26T07:11:17+00:00","dateModified":"2025-07-16T08:22:25+00:00","breadcrumb":{"@id":"https:\/\/rbs-germany.de\/fr\/footer\/#breadcrumb"},"inLanguage":"fr-FR","potentialAction":[{"@type":"ReadAction","target":["https:\/\/rbs-germany.de\/fr\/footer\/"]}]},{"@type":"BreadcrumbList","@id":"https:\/\/rbs-germany.de\/fr\/footer\/#breadcrumb","itemListElement":[{"@type":"ListItem","position":1,"name":"Startseite","item":"https:\/\/rbs-germany.de\/fr\/"},{"@type":"ListItem","position":2,"name":"Footer"}]},{"@type":"WebSite","@id":"https:\/\/rbs-germany.de\/fr\/#website","url":"https:\/\/rbs-germany.de\/fr\/","name":"RB Solutions","description":"","publisher":{"@id":"https:\/\/rbs-germany.de\/fr\/#organization"},"potentialAction":[{"@type":"SearchAction","target":{"@type":"EntryPoint","urlTemplate":"https:\/\/rbs-germany.de\/fr\/?s={search_term_string}"},"query-input":{"@type":"PropertyValueSpecification","valueRequired":true,"valueName":"search_term_string"}}],"inLanguage":"fr-FR"},{"@type":"Organization","@id":"https:\/\/rbs-germany.de\/fr\/#organization","name":"RB Solutions GmbH & Co. KG","url":"https:\/\/rbs-germany.de\/fr\/","logo":{"@type":"ImageObject","inLanguage":"fr-FR","@id":"https:\/\/rbs-germany.de\/fr\/#\/schema\/logo\/image\/","url":"https:\/\/rbs-germany.de\/wp-content\/uploads\/2023\/11\/RBS-Logo-neu-Fallback.jpg","contentUrl":"https:\/\/rbs-germany.de\/wp-content\/uploads\/2023\/11\/RBS-Logo-neu-Fallback.jpg","width":800,"height":800,"caption":"RB Solutions GmbH & Co. KG"},"image":{"@id":"https:\/\/rbs-germany.de\/fr\/#\/schema\/logo\/image\/"},"sameAs":["https:\/\/www.facebook.com\/RBS.Germany\/?locale=de_DE","https:\/\/www.instagram.com\/rbsolutionsgmbh\/"]}]}},"_links":{"self":[{"href":"https:\/\/rbs-germany.de\/fr\/wp-json\/wp\/v2\/pages\/2422","targetHints":{"allow":["GET"]}}],"collection":[{"href":"https:\/\/rbs-germany.de\/fr\/wp-json\/wp\/v2\/pages"}],"about":[{"href":"https:\/\/rbs-germany.de\/fr\/wp-json\/wp\/v2\/types\/page"}],"author":[{"embeddable":true,"href":"https:\/\/rbs-germany.de\/fr\/wp-json\/wp\/v2\/users\/6"}],"replies":[{"embeddable":true,"href":"https:\/\/rbs-germany.de\/fr\/wp-json\/wp\/v2\/comments?post=2422"}],"version-history":[{"count":4,"href":"https:\/\/rbs-germany.de\/fr\/wp-json\/wp\/v2\/pages\/2422\/revisions"}],"predecessor-version":[{"id":2528,"href":"https:\/\/rbs-germany.de\/fr\/wp-json\/wp\/v2\/pages\/2422\/revisions\/2528"}],"wp:attachment":[{"href":"https:\/\/rbs-germany.de\/fr\/wp-json\/wp\/v2\/media?parent=2422"}],"curies":[{"name":"wp","href":"https:\/\/api.w.org\/{rel}","templated":true}]}}